{"id":1356,"date":"2016-03-30T21:07:19","date_gmt":"2016-03-31T00:07:19","guid":{"rendered":"http:\/\/www.ateliehacker.com\/?page_id=1356"},"modified":"2017-03-13T00:33:47","modified_gmt":"2017-03-13T03:33:47","slug":"oficinas","status":"publish","type":"page","link":"http:\/\/www.ateliehacker.com\/br\/oficinas\/","title":{"rendered":"Oficinas"},"content":{"rendered":"<p>http:\/\/www.ateliehacker.com\/br\/camisetas-luminosas\/<\/p>\n<blockquote data-secret=\"nS2DLEFw5Z\" class=\"wp-embedded-content\"><p><a href=\"http:\/\/www.ateliehacker.com\/br\/acessorios-luminosos\/\">Acess\u00f3rios Luminosos<\/a><\/p><\/blockquote>\n<p><iframe class=\"wp-embedded-content\" sandbox=\"allow-scripts\" security=\"restricted\" style=\"position: absolute; clip: rect(1px, 1px, 1px, 1px);\" src=\"http:\/\/www.ateliehacker.com\/br\/acessorios-luminosos\/embed\/#?secret=nS2DLEFw5Z\" data-secret=\"nS2DLEFw5Z\" width=\"600\" height=\"338\" title=\"&#8220;Acess\u00f3rios Luminosos&#8221; &#8212; Ateli\u00ea Hacker\" frameborder=\"0\" marginwidth=\"0\" marginheight=\"0\" scrolling=\"no\"><\/iframe><\/p>\n<blockquote data-secret=\"hW33F5xxLc\" class=\"wp-embedded-content\"><p><a href=\"http:\/\/www.ateliehacker.com\/br\/brincando-com-leds\/\">Brincando com Leds<\/a><\/p><\/blockquote>\n<p><iframe class=\"wp-embedded-content\" sandbox=\"allow-scripts\" security=\"restricted\" style=\"position: absolute; clip: rect(1px, 1px, 1px, 1px);\" src=\"http:\/\/www.ateliehacker.com\/br\/brincando-com-leds\/embed\/#?secret=hW33F5xxLc\" data-secret=\"hW33F5xxLc\" width=\"600\" height=\"338\" title=\"&#8220;Brincando com Leds&#8221; &#8212; Ateli\u00ea Hacker\" frameborder=\"0\" marginwidth=\"0\" marginheight=\"0\" scrolling=\"no\"><\/iframe><\/p>\n<blockquote data-secret=\"qBVlJFNzCc\" class=\"wp-embedded-content\"><p><a href=\"http:\/\/www.ateliehacker.com\/br\/mini-projetor-holografico\/\">Mini Projetor Hologr\u00e1fico<\/a><\/p><\/blockquote>\n<p><iframe class=\"wp-embedded-content\" sandbox=\"allow-scripts\" security=\"restricted\" style=\"position: absolute; clip: rect(1px, 1px, 1px, 1px);\" src=\"http:\/\/www.ateliehacker.com\/br\/mini-projetor-holografico\/embed\/#?secret=qBVlJFNzCc\" data-secret=\"qBVlJFNzCc\" width=\"600\" height=\"338\" title=\"&#8220;Mini Projetor Hologr\u00e1fico&#8221; &#8212; Ateli\u00ea Hacker\" frameborder=\"0\" marginwidth=\"0\" marginheight=\"0\" scrolling=\"no\"><\/iframe><\/p>\n<blockquote data-secret=\"eVPBhZsJXi\" class=\"wp-embedded-content\"><p><a href=\"http:\/\/www.ateliehacker.com\/br\/instrumentos-musicais-de-papel\/\">Instrumentos Musicais de Papel<\/a><\/p><\/blockquote>\n<p><iframe class=\"wp-embedded-content\" sandbox=\"allow-scripts\" security=\"restricted\" style=\"position: absolute; clip: rect(1px, 1px, 1px, 1px);\" src=\"http:\/\/www.ateliehacker.com\/br\/instrumentos-musicais-de-papel\/embed\/#?secret=eVPBhZsJXi\" data-secret=\"eVPBhZsJXi\" width=\"600\" height=\"338\" title=\"&#8220;Instrumentos Musicais de Papel&#8221; &#8212; Ateli\u00ea Hacker\" frameborder=\"0\" marginwidth=\"0\" marginheight=\"0\" scrolling=\"no\"><\/iframe><\/p>\n<blockquote data-secret=\"ftDLQYL1Op\" class=\"wp-embedded-content\"><p><a href=\"http:\/\/www.ateliehacker.com\/br\/mascaras-low-poly\/\">M\u00e1scaras Low Poly<\/a><\/p><\/blockquote>\n<p><iframe class=\"wp-embedded-content\" sandbox=\"allow-scripts\" security=\"restricted\" style=\"position: absolute; clip: rect(1px, 1px, 1px, 1px);\" src=\"http:\/\/www.ateliehacker.com\/br\/mascaras-low-poly\/embed\/#?secret=ftDLQYL1Op\" data-secret=\"ftDLQYL1Op\" width=\"600\" height=\"338\" title=\"&#8220;M\u00e1scaras Low Poly&#8221; &#8212; Ateli\u00ea Hacker\" frameborder=\"0\" marginwidth=\"0\" marginheight=\"0\" scrolling=\"no\"><\/iframe><\/p>\n<p><iframe loading=\"lazy\" src=\"https:\/\/docs.google.com\/forms\/d\/1aav36ysirR8H7zhDek_eGl03rXdfAT0c8b0lTpSWJUY\/viewform?embedded=true\" width=\"760\" height=\"1700\" frameborder=\"0\" marginwidth=\"0\" marginheight=\"0\">Loading&#8230;<\/iframe><\/p>\n<p>&nbsp;<\/p>","protected":false},"excerpt":{"rendered":"<p class=\"post-excerpt\">http:\/\/www.ateliehacker.com\/br\/camisetas-luminosas\/ Acess\u00f3rios Luminosos Brincando com Leds Mini Projetor Hologr\u00e1fico Instrumentos Musicais de Papel M\u00e1scaras Low Poly Loading&#8230; &nbsp;<\/p>\n","protected":false},"author":1,"featured_media":1337,"parent":0,"menu_order":0,"comment_status":"closed","ping_status":"closed","template":"","meta":{"spay_email":""},"jetpack_sharing_enabled":true,"jetpack_shortlink":"https:\/\/wp.me\/P6TLCc-lS","jetpack-related-posts":[{"id":1344,"url":"http:\/\/www.ateliehacker.com\/br\/acessorios-luminosos\/","url_meta":{"origin":1356,"position":0},"title":"[:br]Acess\u00f3rios Luminosos[:]","date":"30 de mar\u00e7o de 2016","format":false,"excerpt":"Customiza\u00e7\u00e3o de acess\u00f3rios com fitas de LED. Utilizando a criatividade, cada participante ser\u00e1 orientado a fazer uma tiara ou bon\u00e9, incorporando a luz como ornamento e articulando est\u00e9ticas tecnol\u00f3gicas. Al\u00e9m disso, aprender\u00e1 a soldar dispositivos tecnol\u00f3gicos vestiveis de baixo-custo. Com Caio de Marco e Fernanda Camara do Ateli\u00ea Hacker. Idade\u2026","rel":"","context":"Post similar","img":{"alt_text":"","src":"https:\/\/i2.wp.com\/www.ateliehacker.com\/wp-content\/uploads\/2016\/03\/dupla-acessorio-led.jpg?fit=1200%2C800&resize=350%2C200","width":350,"height":200},"classes":[]},{"id":1336,"url":"http:\/\/www.ateliehacker.com\/br\/camisetas-luminosas\/","url_meta":{"origin":1356,"position":1},"title":"[:br]Camisetas Luminosas[:]","date":"30 de mar\u00e7o de 2016","format":false,"excerpt":"Customiza\u00e7\u00e3o de camisetas com fitas de LED. Utilizando a criatividade, cada participante ser\u00e1 orientado a personalizar uma camiseta, incorporando a luz como ornamento e articulando est\u00e9ticas tecnol\u00f3gicas. Al\u00e9m disso, aprender\u00e1 a soldar dispositivos tecnol\u00f3gicos vestiveis de baixo-custo. Com Caio de Marco e Fernanda Camara do Ateli\u00ea Hacker. Idade m\u00ednima: 12\u2026","rel":"","context":"Post similar","img":{"alt_text":"","src":"https:\/\/i1.wp.com\/www.ateliehacker.com\/wp-content\/uploads\/2016\/03\/camisetas-luminosas.jpg?fit=1200%2C900&resize=350%2C200","width":350,"height":200},"classes":[]},{"id":1415,"url":"http:\/\/www.ateliehacker.com\/br\/mascaras-low-poly\/","url_meta":{"origin":1356,"position":2},"title":"[:br]M\u00e1scaras Low Poly[:]","date":"11 de abril de 2016","format":false,"excerpt":"Aprenda fazer m\u00e1scaras de papel com figuras geometricas estilo low poly. Escolha a cabe\u00e7a de um animal para recortar, colar e decorar. Com Caio de Marco do Ateli\u00ea Hacker. Idade m\u00ednima: 12 anos. http:\/\/www.ateliehacker.com\/br\/oficinas-2016\/ Loading...","rel":"","context":"Post similar","img":{"alt_text":"","src":"https:\/\/i0.wp.com\/www.ateliehacker.com\/wp-content\/uploads\/2016\/04\/20160220_154921-1.jpg?fit=1200%2C900&resize=350%2C200","width":350,"height":200},"classes":[]},{"id":1349,"url":"http:\/\/www.ateliehacker.com\/br\/brincando-com-leds\/","url_meta":{"origin":1356,"position":3},"title":"[:br]Brincando com Leds[:]","date":"30 de mar\u00e7o de 2016","format":false,"excerpt":"Aprendendo eletr\u00f4nica de um jeito divertido. Cria\u00e7\u00e3o de broche magn\u00e9tico com LED colorido que vira um acess\u00f3rio em camiseta, bon\u00e9 ou t\u00eanis. Circuito adaptado para crian\u00e7as de sete a doze anos. Com Caio de Marco e Fernanda Camara do Ateli\u00ea Hacker. Idade m\u00ednima: 7 anos http:\/\/www.ateliehacker.com\/br\/oficinas-2016\/ Loading...","rel":"","context":"Post similar","img":{"alt_text":"","src":"https:\/\/i0.wp.com\/www.ateliehacker.com\/wp-content\/uploads\/2016\/03\/brincando-com-led.jpg?fit=1200%2C900&resize=350%2C200","width":350,"height":200},"classes":[]},{"id":1412,"url":"http:\/\/www.ateliehacker.com\/br\/instrumentos-musicais-de-papel\/","url_meta":{"origin":1356,"position":4},"title":"[:br]Instrumentos Musicais de Papel[:]","date":"11 de abril de 2016","format":false,"excerpt":"Instrumentos musicais podem ser t\u00e3o finos quanto uma folha de papel. Aprenda a desenhar com material condutivo para criar instrumentos e tocar m\u00fasicas no computador com Arduino. Com Caio de Marco do Ateli\u00ea Hacker. Idade m\u00ednima: 10 anos. http:\/\/www.ateliehacker.com\/br\/oficinas-2016\/ Loading...","rel":"","context":"Post similar","img":{"alt_text":"","src":"https:\/\/i2.wp.com\/www.ateliehacker.com\/wp-content\/uploads\/2016\/04\/piano-de-papel2.jpg?fit=1200%2C900&resize=350%2C200","width":350,"height":200},"classes":[]},{"id":1351,"url":"http:\/\/www.ateliehacker.com\/br\/mini-projetor-holografico\/","url_meta":{"origin":1356,"position":5},"title":"[:br]Mini Projetor Hologr\u00e1fico[:]","date":"30 de mar\u00e7o de 2016","format":false,"excerpt":"Transforme o telefone celular em um mini projetor estilo hologr\u00e1fico. Aprenda construir uma tela piramidal, com materiais simples e de f\u00e1cil acesso, para proje\u00e7\u00e3o de videos tridimencionais em tablets ou smarthphone. Com Caio de Marco do Ateli\u00ea Hacker. Idade m\u00ednima: 10 anos. http:\/\/www.ateliehacker.com\/br\/oficinas-2016\/ Loading...","rel":"","context":"Post similar","img":{"alt_text":"","src":"https:\/\/i2.wp.com\/www.ateliehacker.com\/wp-content\/uploads\/2016\/03\/hologramas-1.jpg?fit=1200%2C900&resize=350%2C200","width":350,"height":200},"classes":[]}],"_links":{"self":[{"href":"http:\/\/www.ateliehacker.com\/br\/wp-json\/wp\/v2\/pages\/1356"}],"collection":[{"href":"http:\/\/www.ateliehacker.com\/br\/wp-json\/wp\/v2\/pages"}],"about":[{"href":"http:\/\/www.ateliehacker.com\/br\/wp-json\/wp\/v2\/types\/page"}],"author":[{"embeddable":true,"href":"http:\/\/www.ateliehacker.com\/br\/wp-json\/wp\/v2\/users\/1"}],"replies":[{"embeddable":true,"href":"http:\/\/www.ateliehacker.com\/br\/wp-json\/wp\/v2\/comments?post=1356"}],"version-history":[{"count":10,"href":"http:\/\/www.ateliehacker.com\/br\/wp-json\/wp\/v2\/pages\/1356\/revisions"}],"predecessor-version":[{"id":1570,"href":"http:\/\/www.ateliehacker.com\/br\/wp-json\/wp\/v2\/pages\/1356\/revisions\/1570"}],"wp:featuredmedia":[{"embeddable":true,"href":"http:\/\/www.ateliehacker.com\/br\/wp-json\/wp\/v2\/media\/1337"}],"wp:attachment":[{"href":"http:\/\/www.ateliehacker.com\/br\/wp-json\/wp\/v2\/media?parent=1356"}],"curies":[{"name":"wp","href":"https:\/\/api.w.org\/{rel}","templated":true}]}}