{"id":1351,"date":"2016-03-30T20:37:51","date_gmt":"2016-03-30T23:37:51","guid":{"rendered":"http:\/\/www.ateliehacker.com\/?page_id=1351"},"modified":"2016-04-11T23:29:00","modified_gmt":"2016-04-12T02:29:00","slug":"mini-projetor-holografico","status":"publish","type":"page","link":"http:\/\/www.ateliehacker.com\/br\/mini-projetor-holografico\/","title":{"rendered":"Mini Projetor Hologr\u00e1fico"},"content":{"rendered":"<p>Transforme o telefone celular em um mini projetor estilo hologr\u00e1fico. Aprenda construir uma tela piramidal, com materiais simples e de f\u00e1cil acesso, para proje\u00e7\u00e3o de videos tridimencionais em tablets ou smarthphone. Com Caio de Marco do Ateli\u00ea Hacker. Idade m\u00ednima: 10 anos.<\/p>\n<blockquote data-secret=\"aMT2BZdOFY\" class=\"wp-embedded-content\"><p><a href=\"http:\/\/www.ateliehacker.com\/br\/oficinas-2016\/\">Oficinas 2016<\/a><\/p><\/blockquote>\n<p><iframe class=\"wp-embedded-content\" sandbox=\"allow-scripts\" security=\"restricted\" style=\"display:none;\" src=\"http:\/\/www.ateliehacker.com\/br\/oficinas-2016\/embed\/#?secret=aMT2BZdOFY\" data-secret=\"aMT2BZdOFY\" width=\"600\" height=\"338\" title=\"Post do WordPress incorporado\" frameborder=\"0\" marginwidth=\"0\" marginheight=\"0\" scrolling=\"no\"><\/iframe><\/p>\n<p><iframe loading=\"lazy\" src=\"https:\/\/docs.google.com\/forms\/d\/1aav36ysirR8H7zhDek_eGl03rXdfAT0c8b0lTpSWJUY\/viewform?embedded=true\" width=\"760\" height=\"1700\" frameborder=\"0\" marginwidth=\"0\" marginheight=\"0\">Loading&#8230;<\/iframe><\/p>","protected":false},"excerpt":{"rendered":"<p class=\"post-excerpt\">Transforme o telefone celular em um mini projetor estilo hologr\u00e1fico. Aprenda construir uma tela piramidal, com materiais simples e de&#8230;<\/p>\n","protected":false},"author":1,"featured_media":1353,"parent":0,"menu_order":0,"comment_status":"closed","ping_status":"closed","template":"","meta":{"spay_email":""},"jetpack_sharing_enabled":true,"jetpack_shortlink":"https:\/\/wp.me\/P6TLCc-lN","jetpack-related-posts":[{"id":1356,"url":"http:\/\/www.ateliehacker.com\/br\/oficinas\/","url_meta":{"origin":1351,"position":0},"title":"[:br]Oficinas[:]","date":"30 de mar\u00e7o de 2016","format":false,"excerpt":"http:\/\/www.ateliehacker.com\/br\/camisetas-luminosas\/ http:\/\/www.ateliehacker.com\/br\/acessorios-luminosos\/ http:\/\/www.ateliehacker.com\/br\/brincando-com-leds\/ http:\/\/www.ateliehacker.com\/br\/mini-projetor-holografico\/ http:\/\/www.ateliehacker.com\/br\/instrumentos-musicais-de-papel\/ http:\/\/www.ateliehacker.com\/br\/mascaras-low-poly\/ Loading... \u00a0","rel":"","context":"Post similar","img":{"alt_text":"","src":"https:\/\/i1.wp.com\/www.ateliehacker.com\/wp-content\/uploads\/2016\/03\/camisetas-luminosas.jpg?fit=1200%2C900&resize=350%2C200","width":350,"height":200},"classes":[]},{"id":1415,"url":"http:\/\/www.ateliehacker.com\/br\/mascaras-low-poly\/","url_meta":{"origin":1351,"position":1},"title":"[:br]M\u00e1scaras Low Poly[:]","date":"11 de abril de 2016","format":false,"excerpt":"Aprenda fazer m\u00e1scaras de papel com figuras geometricas estilo low poly. Escolha a cabe\u00e7a de um animal para recortar, colar e decorar. Com Caio de Marco do Ateli\u00ea Hacker. Idade m\u00ednima: 12 anos. http:\/\/www.ateliehacker.com\/br\/oficinas-2016\/ Loading...","rel":"","context":"Post similar","img":{"alt_text":"","src":"https:\/\/i0.wp.com\/www.ateliehacker.com\/wp-content\/uploads\/2016\/04\/20160220_154921-1.jpg?fit=1200%2C900&resize=350%2C200","width":350,"height":200},"classes":[]},{"id":1349,"url":"http:\/\/www.ateliehacker.com\/br\/brincando-com-leds\/","url_meta":{"origin":1351,"position":2},"title":"[:br]Brincando com Leds[:]","date":"30 de mar\u00e7o de 2016","format":false,"excerpt":"Aprendendo eletr\u00f4nica de um jeito divertido. Cria\u00e7\u00e3o de broche magn\u00e9tico com LED colorido que vira um acess\u00f3rio em camiseta, bon\u00e9 ou t\u00eanis. Circuito adaptado para crian\u00e7as de sete a doze anos. Com Caio de Marco e Fernanda Camara do Ateli\u00ea Hacker. Idade m\u00ednima: 7 anos http:\/\/www.ateliehacker.com\/br\/oficinas-2016\/ Loading...","rel":"","context":"Post similar","img":{"alt_text":"","src":"https:\/\/i0.wp.com\/www.ateliehacker.com\/wp-content\/uploads\/2016\/03\/brincando-com-led.jpg?fit=1200%2C900&resize=350%2C200","width":350,"height":200},"classes":[]},{"id":1412,"url":"http:\/\/www.ateliehacker.com\/br\/instrumentos-musicais-de-papel\/","url_meta":{"origin":1351,"position":3},"title":"[:br]Instrumentos Musicais de Papel[:]","date":"11 de abril de 2016","format":false,"excerpt":"Instrumentos musicais podem ser t\u00e3o finos quanto uma folha de papel. Aprenda a desenhar com material condutivo para criar instrumentos e tocar m\u00fasicas no computador com Arduino. Com Caio de Marco do Ateli\u00ea Hacker. Idade m\u00ednima: 10 anos. http:\/\/www.ateliehacker.com\/br\/oficinas-2016\/ Loading...","rel":"","context":"Post similar","img":{"alt_text":"","src":"https:\/\/i2.wp.com\/www.ateliehacker.com\/wp-content\/uploads\/2016\/04\/piano-de-papel2.jpg?fit=1200%2C900&resize=350%2C200","width":350,"height":200},"classes":[]},{"id":1457,"url":"http:\/\/www.ateliehacker.com\/br\/joias-geek\/","url_meta":{"origin":1351,"position":4},"title":"[:br]J\u00f3ias Geek[:]","date":"11 de maio de 2016","format":false,"excerpt":"Cria\u00e7\u00e3o e customiza\u00e7\u00e3o de adere\u00e7os a partir de componentes eletr\u00f4nicos reciclados como placas de circuito, leds, teclados, motores e cabos. Incorporados em pe\u00e7as como an\u00e9is, brincos e colares criadas a partir da fabrica\u00e7\u00e3o digital. Com Caio de Marco e Fernanda Camara do Ateli\u00ea Hacker. Idade m\u00ednima: 10 anos. http:\/\/www.ateliehacker.com\/br\/oficinas-2016\/ Loading...","rel":"","context":"Post similar","img":{"alt_text":"","src":"https:\/\/i2.wp.com\/www.ateliehacker.com\/wp-content\/uploads\/2016\/05\/joias-geek.jpg?fit=1200%2C761&resize=350%2C200","width":350,"height":200},"classes":[]},{"id":1456,"url":"http:\/\/www.ateliehacker.com\/br\/biohacking\/","url_meta":{"origin":1351,"position":5},"title":"[:br]Biohacking - Fa\u00e7a Ci\u00eancia Voc\u00ea Mesmo[:]","date":"11 de maio de 2016","format":false,"excerpt":"O mundo \u00e9 interessante, mas de perto pode ser fascinante. Uma alternativa para tornar a ci\u00eancia mais acess\u00edvel \u00e9 o microsc\u00f3pio de baixo custo e f\u00e1cil de fazer. Aprenda a transformar seu celular em um microsc\u00f3pio digital e realizar a experi\u00eancia de extrair o DNA do morango. Com Caio de\u2026","rel":"","context":"Post similar","img":{"alt_text":"","src":"https:\/\/i2.wp.com\/www.ateliehacker.com\/wp-content\/uploads\/2016\/05\/microscope-comp-1.jpg?fit=1200%2C766&resize=350%2C200","width":350,"height":200},"classes":[]}],"_links":{"self":[{"href":"http:\/\/www.ateliehacker.com\/br\/wp-json\/wp\/v2\/pages\/1351"}],"collection":[{"href":"http:\/\/www.ateliehacker.com\/br\/wp-json\/wp\/v2\/pages"}],"about":[{"href":"http:\/\/www.ateliehacker.com\/br\/wp-json\/wp\/v2\/types\/page"}],"author":[{"embeddable":true,"href":"http:\/\/www.ateliehacker.com\/br\/wp-json\/wp\/v2\/users\/1"}],"replies":[{"embeddable":true,"href":"http:\/\/www.ateliehacker.com\/br\/wp-json\/wp\/v2\/comments?post=1351"}],"version-history":[{"count":7,"href":"http:\/\/www.ateliehacker.com\/br\/wp-json\/wp\/v2\/pages\/1351\/revisions"}],"predecessor-version":[{"id":1420,"href":"http:\/\/www.ateliehacker.com\/br\/wp-json\/wp\/v2\/pages\/1351\/revisions\/1420"}],"wp:featuredmedia":[{"embeddable":true,"href":"http:\/\/www.ateliehacker.com\/br\/wp-json\/wp\/v2\/media\/1353"}],"wp:attachment":[{"href":"http:\/\/www.ateliehacker.com\/br\/wp-json\/wp\/v2\/media?parent=1351"}],"curies":[{"name":"wp","href":"https:\/\/api.w.org\/{rel}","templated":true}]}}