{"id":1344,"date":"2016-03-30T20:25:58","date_gmt":"2016-03-30T23:25:58","guid":{"rendered":"http:\/\/www.ateliehacker.com\/?page_id=1344"},"modified":"2016-04-11T23:28:42","modified_gmt":"2016-04-12T02:28:42","slug":"acessorios-luminosos","status":"publish","type":"page","link":"http:\/\/www.ateliehacker.com\/br\/acessorios-luminosos\/","title":{"rendered":"Acess\u00f3rios Luminosos"},"content":{"rendered":"<p>Customiza\u00e7\u00e3o de acess\u00f3rios com fitas de LED. Utilizando a criatividade, cada participante ser\u00e1 orientado a fazer uma tiara ou bon\u00e9, incorporando a luz como ornamento e articulando est\u00e9ticas tecnol\u00f3gicas. Al\u00e9m disso, aprender\u00e1 a soldar dispositivos tecnol\u00f3gicos vestiveis de baixo-custo. Com Caio de Marco e Fernanda Camara do Ateli\u00ea Hacker. Idade m\u00ednima: 12 anos.<\/p>\n<blockquote data-secret=\"1HDRbEdbXd\" class=\"wp-embedded-content\"><p><a href=\"http:\/\/www.ateliehacker.com\/br\/oficinas-2016\/\">Oficinas 2016<\/a><\/p><\/blockquote>\n<p><iframe class=\"wp-embedded-content\" sandbox=\"allow-scripts\" security=\"restricted\" style=\"display:none;\" src=\"http:\/\/www.ateliehacker.com\/br\/oficinas-2016\/embed\/#?secret=1HDRbEdbXd\" data-secret=\"1HDRbEdbXd\" width=\"600\" height=\"338\" title=\"Post do WordPress incorporado\" frameborder=\"0\" marginwidth=\"0\" marginheight=\"0\" scrolling=\"no\"><\/iframe><\/p>\n<p><iframe loading=\"lazy\" src=\"https:\/\/docs.google.com\/forms\/d\/1aav36ysirR8H7zhDek_eGl03rXdfAT0c8b0lTpSWJUY\/viewform?embedded=true\" width=\"760\" height=\"1700\" frameborder=\"0\" marginwidth=\"0\" marginheight=\"0\">Loading&#8230;<\/iframe><\/p>","protected":false},"excerpt":{"rendered":"<p class=\"post-excerpt\">Customiza\u00e7\u00e3o de acess\u00f3rios com fitas de LED. Utilizando a criatividade, cada participante ser\u00e1 orientado a fazer uma tiara ou bon\u00e9,&#8230;<\/p>\n","protected":false},"author":1,"featured_media":1345,"parent":0,"menu_order":0,"comment_status":"closed","ping_status":"closed","template":"","meta":{"spay_email":""},"jetpack_sharing_enabled":true,"jetpack_shortlink":"https:\/\/wp.me\/P6TLCc-lG","jetpack-related-posts":[{"id":1356,"url":"http:\/\/www.ateliehacker.com\/br\/oficinas\/","url_meta":{"origin":1344,"position":0},"title":"[:br]Oficinas[:]","date":"30 de mar\u00e7o de 2016","format":false,"excerpt":"http:\/\/www.ateliehacker.com\/br\/camisetas-luminosas\/ http:\/\/www.ateliehacker.com\/br\/acessorios-luminosos\/ http:\/\/www.ateliehacker.com\/br\/brincando-com-leds\/ http:\/\/www.ateliehacker.com\/br\/mini-projetor-holografico\/ http:\/\/www.ateliehacker.com\/br\/instrumentos-musicais-de-papel\/ http:\/\/www.ateliehacker.com\/br\/mascaras-low-poly\/ Loading... \u00a0","rel":"","context":"Post similar","img":{"alt_text":"","src":"https:\/\/i1.wp.com\/www.ateliehacker.com\/wp-content\/uploads\/2016\/03\/camisetas-luminosas.jpg?fit=1200%2C900&resize=350%2C200","width":350,"height":200},"classes":[]},{"id":1349,"url":"http:\/\/www.ateliehacker.com\/br\/brincando-com-leds\/","url_meta":{"origin":1344,"position":1},"title":"[:br]Brincando com Leds[:]","date":"30 de mar\u00e7o de 2016","format":false,"excerpt":"Aprendendo eletr\u00f4nica de um jeito divertido. Cria\u00e7\u00e3o de broche magn\u00e9tico com LED colorido que vira um acess\u00f3rio em camiseta, bon\u00e9 ou t\u00eanis. Circuito adaptado para crian\u00e7as de sete a doze anos. Com Caio de Marco e Fernanda Camara do Ateli\u00ea Hacker. Idade m\u00ednima: 7 anos http:\/\/www.ateliehacker.com\/br\/oficinas-2016\/ Loading...","rel":"","context":"Post similar","img":{"alt_text":"","src":"https:\/\/i0.wp.com\/www.ateliehacker.com\/wp-content\/uploads\/2016\/03\/brincando-com-led.jpg?fit=1200%2C900&resize=350%2C200","width":350,"height":200},"classes":[]},{"id":1336,"url":"http:\/\/www.ateliehacker.com\/br\/camisetas-luminosas\/","url_meta":{"origin":1344,"position":2},"title":"[:br]Camisetas Luminosas[:]","date":"30 de mar\u00e7o de 2016","format":false,"excerpt":"Customiza\u00e7\u00e3o de camisetas com fitas de LED. Utilizando a criatividade, cada participante ser\u00e1 orientado a personalizar uma camiseta, incorporando a luz como ornamento e articulando est\u00e9ticas tecnol\u00f3gicas. Al\u00e9m disso, aprender\u00e1 a soldar dispositivos tecnol\u00f3gicos vestiveis de baixo-custo. Com Caio de Marco e Fernanda Camara do Ateli\u00ea Hacker. Idade m\u00ednima: 12\u2026","rel":"","context":"Post similar","img":{"alt_text":"","src":"https:\/\/i1.wp.com\/www.ateliehacker.com\/wp-content\/uploads\/2016\/03\/camisetas-luminosas.jpg?fit=1200%2C900&resize=350%2C200","width":350,"height":200},"classes":[]},{"id":1031,"url":"http:\/\/www.ateliehacker.com\/br\/about-us\/","url_meta":{"origin":1344,"position":3},"title":"[:en]About Us[:br]Quem Somos[:]","date":"28 de outubro de 2015","format":false,"excerpt":"Ateli\u00ea Hacker \u00e9 um coletivo de cria\u00e7\u00e3o de artefatos tecnol\u00f3gicos, com sede localizada na praia de Santos\/SP - Brasil. Servi\u00e7os oferecidos: Focaliza\u00e7\u00e3o de workshop e palestra : Confira nosso card\u00e1pio de Oficinas 2016 Consultoria maker Desenvolvimento de prot\u00f3tipo (Impress\u00e3o 3D, Wearable, Arduino, Android App, IoT, Processing) Transforma\u00e7\u00e3o de ideia em\u2026","rel":"","context":"Post similar","img":{"alt_text":"","src":"","width":0,"height":0},"classes":[]},{"id":1415,"url":"http:\/\/www.ateliehacker.com\/br\/mascaras-low-poly\/","url_meta":{"origin":1344,"position":4},"title":"[:br]M\u00e1scaras Low Poly[:]","date":"11 de abril de 2016","format":false,"excerpt":"Aprenda fazer m\u00e1scaras de papel com figuras geometricas estilo low poly. Escolha a cabe\u00e7a de um animal para recortar, colar e decorar. Com Caio de Marco do Ateli\u00ea Hacker. Idade m\u00ednima: 12 anos. http:\/\/www.ateliehacker.com\/br\/oficinas-2016\/ Loading...","rel":"","context":"Post similar","img":{"alt_text":"","src":"https:\/\/i0.wp.com\/www.ateliehacker.com\/wp-content\/uploads\/2016\/04\/20160220_154921-1.jpg?fit=1200%2C900&resize=350%2C200","width":350,"height":200},"classes":[]},{"id":1412,"url":"http:\/\/www.ateliehacker.com\/br\/instrumentos-musicais-de-papel\/","url_meta":{"origin":1344,"position":5},"title":"[:br]Instrumentos Musicais de Papel[:]","date":"11 de abril de 2016","format":false,"excerpt":"Instrumentos musicais podem ser t\u00e3o finos quanto uma folha de papel. Aprenda a desenhar com material condutivo para criar instrumentos e tocar m\u00fasicas no computador com Arduino. Com Caio de Marco do Ateli\u00ea Hacker. Idade m\u00ednima: 10 anos. http:\/\/www.ateliehacker.com\/br\/oficinas-2016\/ Loading...","rel":"","context":"Post similar","img":{"alt_text":"","src":"https:\/\/i2.wp.com\/www.ateliehacker.com\/wp-content\/uploads\/2016\/04\/piano-de-papel2.jpg?fit=1200%2C900&resize=350%2C200","width":350,"height":200},"classes":[]}],"_links":{"self":[{"href":"http:\/\/www.ateliehacker.com\/br\/wp-json\/wp\/v2\/pages\/1344"}],"collection":[{"href":"http:\/\/www.ateliehacker.com\/br\/wp-json\/wp\/v2\/pages"}],"about":[{"href":"http:\/\/www.ateliehacker.com\/br\/wp-json\/wp\/v2\/types\/page"}],"author":[{"embeddable":true,"href":"http:\/\/www.ateliehacker.com\/br\/wp-json\/wp\/v2\/users\/1"}],"replies":[{"embeddable":true,"href":"http:\/\/www.ateliehacker.com\/br\/wp-json\/wp\/v2\/comments?post=1344"}],"version-history":[{"count":5,"href":"http:\/\/www.ateliehacker.com\/br\/wp-json\/wp\/v2\/pages\/1344\/revisions"}],"predecessor-version":[{"id":1418,"href":"http:\/\/www.ateliehacker.com\/br\/wp-json\/wp\/v2\/pages\/1344\/revisions\/1418"}],"wp:featuredmedia":[{"embeddable":true,"href":"http:\/\/www.ateliehacker.com\/br\/wp-json\/wp\/v2\/media\/1345"}],"wp:attachment":[{"href":"http:\/\/www.ateliehacker.com\/br\/wp-json\/wp\/v2\/media?parent=1344"}],"curies":[{"name":"wp","href":"https:\/\/api.w.org\/{rel}","templated":true}]}}