{"id":1033,"date":"2015-10-28T18:43:27","date_gmt":"2015-10-28T18:43:27","guid":{"rendered":"http:\/\/www.ateliehacker.com\/?page_id=1033"},"modified":"2015-11-23T05:09:54","modified_gmt":"2015-11-23T08:09:54","slug":"contact","status":"publish","type":"page","link":"http:\/\/www.ateliehacker.com\/br\/contact\/","title":{"rendered":"Contato"},"content":{"rendered":"<p><strong>Ateli\u00ea Hacker<\/strong><br \/>\n<strong>Email:<\/strong> <a href=\"mailto:caiodemarco@gmail.com\">caiodemarco@gmail.com<\/a><br \/>\n<strong> Telefone:<\/strong> (13) 3345-1570 &#8211; Santos\/SP &#8211; Brasil<br \/>\n<div id='contact-form-1033'>\n<form action='http:\/\/www.ateliehacker.com\/br\/contact\/#contact-form-1033' method='post' class='contact-form commentsblock'>\n\n<div class='grunion-field-wrap grunion-field-name-wrap'  >\n<label\n\t\t\t\tfor='g1033-nome'\n\t\t\t\tclass='grunion-field-label name'\n\t\t\t\t>Nome<span>(obrigat\u00f3rio)<\/span><\/label>\n<input\n\t\t\t\t\ttype='text'\n\t\t\t\t\tname='g1033-nome'\n\t\t\t\t\tid='g1033-nome'\n\t\t\t\t\tvalue=''\n\t\t\t\t\tclass='name' \n\t\t\t\t\trequired aria-required='true'\n\t\t\t\t\/>\n\t<\/div>\n\n<div class='grunion-field-wrap grunion-field-email-wrap'  >\n<label\n\t\t\t\tfor='g1033-email'\n\t\t\t\tclass='grunion-field-label email'\n\t\t\t\t>Email<span>(obrigat\u00f3rio)<\/span><\/label>\n<input\n\t\t\t\t\ttype='email'\n\t\t\t\t\tname='g1033-email'\n\t\t\t\t\tid='g1033-email'\n\t\t\t\t\tvalue=''\n\t\t\t\t\tclass='email' \n\t\t\t\t\trequired aria-required='true'\n\t\t\t\t\/>\n\t<\/div>\n\n<div class='grunion-field-wrap grunion-field-textarea-wrap'  >\n<label\n\t\t\t\tfor='contact-form-comment-g1033-escrevaumcomentrio'\n\t\t\t\tclass='grunion-field-label textarea'\n\t\t\t\t>Escreva um coment\u00e1rio<span>(obrigat\u00f3rio)<\/span><\/label>\n<textarea\n\t\t                name='g1033-escrevaumcomentrio'\n\t\t                id='contact-form-comment-g1033-escrevaumcomentrio'\n\t\t                rows='20' class='textarea'  required aria-required='true'><\/textarea>\n\t<\/div>\n\t<p class='contact-submit'>\n\t\t<button type='submit' class='pushbutton-wide'>Enviar<\/button>\t\t<input type='hidden' name='contact-form-id' value='1033' \/>\n\t\t<input type='hidden' name='action' value='grunion-contact-form' \/>\n\t\t<input type='hidden' name='contact-form-hash' value='ab82d601de0f2c195a5173c79da7ce97805edf64' \/>\n\t<\/p>\n<\/form>\n<\/div><\/p>\n<p><\/p>","protected":false},"excerpt":{"rendered":"<p class=\"post-excerpt\">Ateli\u00ea Hacker Email: caiodemarco@gmail.com Telefone: (13) 3345-1570 &#8211; Santos\/SP &#8211; Brasil<\/p>\n","protected":false},"author":1,"featured_media":0,"parent":0,"menu_order":0,"comment_status":"closed","ping_status":"closed","template":"","meta":{"spay_email":""},"jetpack_sharing_enabled":true,"jetpack_shortlink":"https:\/\/wp.me\/P6TLCc-gF","jetpack-related-posts":[{"id":1031,"url":"http:\/\/www.ateliehacker.com\/br\/about-us\/","url_meta":{"origin":1033,"position":0},"title":"[:en]About Us[:br]Quem Somos[:]","date":"28 de outubro de 2015","format":false,"excerpt":"Ateli\u00ea Hacker \u00e9 um coletivo de cria\u00e7\u00e3o de artefatos tecnol\u00f3gicos, com sede localizada na praia de Santos\/SP - Brasil. Servi\u00e7os oferecidos: Focaliza\u00e7\u00e3o de workshop e palestra : Confira nosso card\u00e1pio de Oficinas 2016 Consultoria maker Desenvolvimento de prot\u00f3tipo (Impress\u00e3o 3D, Wearable, Arduino, Android App, IoT, Processing) Transforma\u00e7\u00e3o de ideia em\u2026","rel":"","context":"Post similar","img":{"alt_text":"","src":"","width":0,"height":0},"classes":[]},{"id":1415,"url":"http:\/\/www.ateliehacker.com\/br\/mascaras-low-poly\/","url_meta":{"origin":1033,"position":1},"title":"[:br]M\u00e1scaras Low Poly[:]","date":"11 de abril de 2016","format":false,"excerpt":"Aprenda fazer m\u00e1scaras de papel com figuras geometricas estilo low poly. Escolha a cabe\u00e7a de um animal para recortar, colar e decorar. Com Caio de Marco do Ateli\u00ea Hacker. Idade m\u00ednima: 12 anos. http:\/\/www.ateliehacker.com\/br\/oficinas-2016\/ Loading...","rel":"","context":"Post similar","img":{"alt_text":"","src":"https:\/\/i0.wp.com\/www.ateliehacker.com\/wp-content\/uploads\/2016\/04\/20160220_154921-1.jpg?fit=1200%2C900&resize=350%2C200","width":350,"height":200},"classes":[]},{"id":1349,"url":"http:\/\/www.ateliehacker.com\/br\/brincando-com-leds\/","url_meta":{"origin":1033,"position":2},"title":"[:br]Brincando com Leds[:]","date":"30 de mar\u00e7o de 2016","format":false,"excerpt":"Aprendendo eletr\u00f4nica de um jeito divertido. Cria\u00e7\u00e3o de broche magn\u00e9tico com LED colorido que vira um acess\u00f3rio em camiseta, bon\u00e9 ou t\u00eanis. Circuito adaptado para crian\u00e7as de sete a doze anos. Com Caio de Marco e Fernanda Camara do Ateli\u00ea Hacker. Idade m\u00ednima: 7 anos http:\/\/www.ateliehacker.com\/br\/oficinas-2016\/ Loading...","rel":"","context":"Post similar","img":{"alt_text":"","src":"https:\/\/i0.wp.com\/www.ateliehacker.com\/wp-content\/uploads\/2016\/03\/brincando-com-led.jpg?fit=1200%2C900&resize=350%2C200","width":350,"height":200},"classes":[]},{"id":1412,"url":"http:\/\/www.ateliehacker.com\/br\/instrumentos-musicais-de-papel\/","url_meta":{"origin":1033,"position":3},"title":"[:br]Instrumentos Musicais de Papel[:]","date":"11 de abril de 2016","format":false,"excerpt":"Instrumentos musicais podem ser t\u00e3o finos quanto uma folha de papel. Aprenda a desenhar com material condutivo para criar instrumentos e tocar m\u00fasicas no computador com Arduino. Com Caio de Marco do Ateli\u00ea Hacker. Idade m\u00ednima: 10 anos. http:\/\/www.ateliehacker.com\/br\/oficinas-2016\/ Loading...","rel":"","context":"Post similar","img":{"alt_text":"","src":"https:\/\/i2.wp.com\/www.ateliehacker.com\/wp-content\/uploads\/2016\/04\/piano-de-papel2.jpg?fit=1200%2C900&resize=350%2C200","width":350,"height":200},"classes":[]},{"id":1351,"url":"http:\/\/www.ateliehacker.com\/br\/mini-projetor-holografico\/","url_meta":{"origin":1033,"position":4},"title":"[:br]Mini Projetor Hologr\u00e1fico[:]","date":"30 de mar\u00e7o de 2016","format":false,"excerpt":"Transforme o telefone celular em um mini projetor estilo hologr\u00e1fico. Aprenda construir uma tela piramidal, com materiais simples e de f\u00e1cil acesso, para proje\u00e7\u00e3o de videos tridimencionais em tablets ou smarthphone. Com Caio de Marco do Ateli\u00ea Hacker. Idade m\u00ednima: 10 anos. http:\/\/www.ateliehacker.com\/br\/oficinas-2016\/ Loading...","rel":"","context":"Post similar","img":{"alt_text":"","src":"https:\/\/i2.wp.com\/www.ateliehacker.com\/wp-content\/uploads\/2016\/03\/hologramas-1.jpg?fit=1200%2C900&resize=350%2C200","width":350,"height":200},"classes":[]},{"id":1457,"url":"http:\/\/www.ateliehacker.com\/br\/joias-geek\/","url_meta":{"origin":1033,"position":5},"title":"[:br]J\u00f3ias Geek[:]","date":"11 de maio de 2016","format":false,"excerpt":"Cria\u00e7\u00e3o e customiza\u00e7\u00e3o de adere\u00e7os a partir de componentes eletr\u00f4nicos reciclados como placas de circuito, leds, teclados, motores e cabos. Incorporados em pe\u00e7as como an\u00e9is, brincos e colares criadas a partir da fabrica\u00e7\u00e3o digital. Com Caio de Marco e Fernanda Camara do Ateli\u00ea Hacker. Idade m\u00ednima: 10 anos. http:\/\/www.ateliehacker.com\/br\/oficinas-2016\/ Loading...","rel":"","context":"Post similar","img":{"alt_text":"","src":"https:\/\/i2.wp.com\/www.ateliehacker.com\/wp-content\/uploads\/2016\/05\/joias-geek.jpg?fit=1200%2C761&resize=350%2C200","width":350,"height":200},"classes":[]}],"_links":{"self":[{"href":"http:\/\/www.ateliehacker.com\/br\/wp-json\/wp\/v2\/pages\/1033"}],"collection":[{"href":"http:\/\/www.ateliehacker.com\/br\/wp-json\/wp\/v2\/pages"}],"about":[{"href":"http:\/\/www.ateliehacker.com\/br\/wp-json\/wp\/v2\/types\/page"}],"author":[{"embeddable":true,"href":"http:\/\/www.ateliehacker.com\/br\/wp-json\/wp\/v2\/users\/1"}],"replies":[{"embeddable":true,"href":"http:\/\/www.ateliehacker.com\/br\/wp-json\/wp\/v2\/comments?post=1033"}],"version-history":[{"count":10,"href":"http:\/\/www.ateliehacker.com\/br\/wp-json\/wp\/v2\/pages\/1033\/revisions"}],"predecessor-version":[{"id":1262,"href":"http:\/\/www.ateliehacker.com\/br\/wp-json\/wp\/v2\/pages\/1033\/revisions\/1262"}],"wp:attachment":[{"href":"http:\/\/www.ateliehacker.com\/br\/wp-json\/wp\/v2\/media?parent=1033"}],"curies":[{"name":"wp","href":"https:\/\/api.w.org\/{rel}","templated":true}]}}